{"id":2194,"date":"2026-01-11T21:15:10","date_gmt":"2026-01-11T20:15:10","guid":{"rendered":"https:\/\/lumessentials.skin\/?page_id=2194"},"modified":"2026-03-13T20:47:05","modified_gmt":"2026-03-13T19:47:05","slug":"packaging","status":"publish","type":"page","link":"https:\/\/lumessentials.skin\/it\/packaging\/","title":{"rendered":"Packaging"},"content":{"rendered":"<div class=\"wp-block-uagb-container uagb-block-c8e192b6 alignfull uagb-is-root-container\"><div class=\"uagb-container-inner-blocks-wrap\">\n<div class=\"wp-block-essential-blocks-text  root-eb-text-px4nk\"><div class=\"eb-parent-wrapper eb-parent-eb-text-px4nk\"><div class=\"eb-text-wrapper eb-text-px4nk\" data-id=\"eb-text-px4nk\"><h1 class=\"eb-text\">Packaging<\/h1><\/div><\/div><\/div>\n<\/div><\/div>\n\n\n\n<div class=\"wp-block-uagb-container uagb-block-f446e1d7 alignfull uagb-is-root-container\"><div class=\"uagb-container-inner-blocks-wrap\">\n<div class=\"wp-block-uagb-container uagb-block-3407e419\">\n<div class=\"wp-block-essential-blocks-text  root-eb-text-k0pfo\"><div class=\"eb-parent-wrapper eb-parent-eb-text-k0pfo\"><div class=\"eb-text-wrapper eb-text-k0pfo\" data-id=\"eb-text-k0pfo\"><p class=\"eb-text\">Il packaging migliore \u2013 a prescindere dal materiale di cui \u00e8 fatto \u2013 \u00e8 quello che non viene mai prodotto. Potremmo passare intere giornate a parlare di riciclo moderno, dell'ecosostenibilit\u00e0 di certi materiali o <em>inserisci qui l'ultima parola trendy del mondo green<\/em>. Ma la verit\u00e0 \u00e8 che, come specie, produciamo troppi rifiuti. Le capacit\u00e0 di riciclo sono insufficienti in gran parte del pianeta e dobbiamo smetterla di far finta che gettare una bottiglia o un tubetto nel contenitore della differenziata risolva il problema dei rifiuti. <strong>Non \u00e8 cos\u00ec.<\/strong><br><br><strong>Il consumismo sfrenato<\/strong> \u00e8 una delle attivit\u00e0 pi\u00f9 dannose per l'ambiente nella nostra societ\u00e0. I dati dimostrano che, purtroppo, l'impatto negativo del sovraconsumo ha ormai annullato i benefici delle nostre migliori pratiche e politiche ecologiche.<br><br>Lumessentials \u00e8 una piccola azienda autofinanziata. Fin dall'inizio, ci siamo impegnati a esaminare l'intero ciclo di vita dei nostri prodotti per comprendere il nostro reale impatto ambientale. Ci siamo posti le domande pi\u00f9 difficili: dove causiamo i danni maggiori? Dove possiamo migliorare? Qual \u00e8 il costo effettivo dei nostri imballaggi, del trasporto e dello smaltimento a fine vita? Sebbene il nostro modello di produzione in piccoli lotti generi intrinsecamente meno rifiuti rispetto alla produzione di massa, sapevamo che non era sufficiente. Per il packaging che siamo <em>costretti<\/em> a creare, come possiamo assicurarci che il suo fine vita provochi il minor danno possibile?<br><br>Questo ragionamento ci ha portato a una conclusione chiara: mettere un'altra crema in un tubetto di plastica era la scelta peggiore che potessimo fare, a prescindere dalla qualit\u00e0 della crema.<\/p><\/div><\/div><\/div>\n<\/div>\n<\/div><\/div>\n\n\n\n<div class=\"wp-block-uagb-container uagb-block-e8060c0b alignfull uagb-is-root-container\"><div class=\"uagb-container-inner-blocks-wrap\">\n<div class=\"wp-block-uagb-container uagb-block-897b31d0\">\n<div class=\"wp-block-essential-blocks-text  root-eb-text-otu82\"><div class=\"eb-parent-wrapper eb-parent-eb-text-otu82\"><div class=\"eb-text-wrapper eb-text-otu82\" data-id=\"eb-text-otu82\"><h4 class=\"eb-text\">The truth beyond the buzz words<\/h4><\/div><\/div><\/div>\n\n\n\n<div class=\"wp-block-essential-blocks-text  root-eb-text-yguu3\"><div class=\"eb-parent-wrapper eb-parent-eb-text-yguu3\"><div class=\"eb-text-wrapper eb-text-yguu3\" data-id=\"eb-text-yguu3\"><p class=\"eb-text\">La plastica \u00e8 stata etichettata come \"riciclabile\", \"biodegradabile\" e \"composta da materiali riciclati\". Ecco come stanno davvero le cose:<br><br>\ud83d\udccc Each time plastic is recycled, it loses roughly <strong>50%<\/strong> della sua capacit\u00e0 di essere riciclata nuovamente.<br>\ud83d\udccc Of all plastic ever produced since the 1950s, only <strong>9%<\/strong> \u00e8 stato riciclato.<br>\ud83d\udccc In the US, only <strong>5\u20136%<\/strong> dei rifiuti di plastica.<br><br>The truth is, most plastics are rarely or never recycled. The only widely recycled type is PET.<br><br>\u26a0\ufe0f Crucially, &#8220;biodegradable&#8221; and &#8220;compostable&#8221; plastics do not contribute to a circular economy. In fact, their presence in the plastics stream can harm the recycling process, therefore, they need to be sorted out in advance.<\/p><\/div><\/div><\/div>\n<\/div>\n<\/div><\/div>\n\n\n\n<div class=\"wp-block-uagb-container uagb-block-a6a7be7a alignfull uagb-is-root-container\"><div class=\"uagb-container-inner-blocks-wrap\">\n<div class=\"wp-block-uagb-container uagb-block-758d57ac\">\n<div class=\"wp-block-essential-blocks-text  root-eb-text-fnoyy\"><div class=\"eb-parent-wrapper eb-parent-eb-text-fnoyy\"><div class=\"eb-text-wrapper eb-text-fnoyy\" data-id=\"eb-text-fnoyy\"><h4 class=\"eb-text\">A holistic look at the energy and systems<\/h4><\/div><\/div><\/div>\n\n\n\n<div class=\"wp-block-essential-blocks-text  root-eb-text-elsvh\"><div class=\"eb-parent-wrapper eb-parent-eb-text-elsvh\"><div class=\"eb-text-wrapper eb-text-elsvh\" data-id=\"eb-text-elsvh\"><p class=\"eb-text\">Alcuni sostengono che i materiali alternativi \"eco\" richiedano pi\u00f9 energia per essere prodotti, portando a maggiori emissioni di CO\u2082. Questo \u00e8 un punto cruciale. Tuttavia, si ignora un difetto sistemico fondamentale: stiamo producendo troppa plastica, specialmente quella monouso, e ne stiamo consumando troppa. Mentre l'efficienza produttiva migliora e sempre pi\u00f9 produttori utilizzano energia rinnovabile, il problema di fondo rimane: <strong>la maggior parte della plastica semplicemente non pu\u00f2 essere riciclata, a prescindere da quanto diventi avanzata la nostra tecnologia di riciclo, e noi ne \"consumiamo\" troppa.<\/strong><br><br>Dobbiamo risolvere il problema alla radice, non limitarci a gestirne i sintomi.<\/p><\/div><\/div><\/div>\n<\/div>\n<\/div><\/div>\n\n\n\n<div class=\"wp-block-uagb-container uagb-block-f9424a3c alignfull uagb-is-root-container\"><div class=\"uagb-container-inner-blocks-wrap\">\n<div class=\"wp-block-uagb-container uagb-block-e245f67c\">\n<div class=\"wp-block-essential-blocks-text  root-eb-text-9xcea\"><div class=\"eb-parent-wrapper eb-parent-eb-text-9xcea\"><div class=\"eb-text-wrapper eb-text-9xcea\" data-id=\"eb-text-9xcea\"><h4 class=\"eb-text\">Our primary packaging<\/h4><\/div><\/div><\/div>\n\n\n\n<div class=\"wp-block-essential-blocks-text  root-eb-text-8f6z2\"><div class=\"eb-parent-wrapper eb-parent-eb-text-8f6z2\"><div class=\"eb-text-wrapper eb-text-8f6z2\" data-id=\"eb-text-8f6z2\"><p class=\"eb-text\">We opted for aluminum. This choice wasn\u2019t a compromise \u2013 it was a non-negotiable commitment to staying true to our core values. Here\u2019s why it\u2019s the right choice.<br><br>\ud83d\udd27 <strong>Un unico materiale, un processo senza intoppi:<\/strong> Anche il nostro tappo \u00e8 al 100% in alluminio. Niente pi\u00f9 fatica per separare i componenti. L'intera confezione pu\u00f2 essere riciclata insieme, rendendo la scelta giusta anche la pi\u00f9 semplice.<br><strong>\u267b\ufe0f Infinitely recyclable:<\/strong> L'alluminio pu\u00f2 essere riciclato pi\u00f9 e pi\u00f9 volte, per sempre, senza perdere qualit\u00e0. \u00c8 uno dei materiali pi\u00f9 riciclati al mondo. Infatti, quasi il 75% di tutto l'alluminio mai prodotto \u00e8 ancora in uso oggi, circolando continuamente nel ciclo del riciclo.<br> \ud83e\uddea <strong>Rivestimento sicuro e semplice:<\/strong> Il nostro tubetto ha un rivestimento in resina epossidica completamente riciclabile insieme all'alluminio e privo di BPA.<br>\ud83e\uded9 <strong>Ottima protezione del prodotto:<\/strong> L'alluminio \u00e8 ermetico e blocca la luce solare, rallentando drasticamente l'ossidazione. Inoltre, a differenza dei tubetti in plastica, quelli in alluminio non aspirano aria all'interno dopo la pressione. Questo aiuta i nostri prodotti a durare di pi\u00f9 e a mantenere la loro efficacia nel tempo.<br>\ud83e\udedf <strong>L'inchiostro:<\/strong> Abbiamo scelto inchiostri a base d'acqua, completamente riciclabili, cos\u00ec ogni singolo millimetro della confezione \u00e8 progettato pensando al suo fine vita.<\/p><\/div><\/div><\/div>\n<\/div>\n<\/div><\/div>\n\n\n\n<div class=\"wp-block-uagb-container uagb-block-d20d1208 alignfull uagb-is-root-container\"><div class=\"uagb-container-inner-blocks-wrap\">\n<div class=\"wp-block-uagb-container uagb-block-5b51e9ab\">\n<div class=\"wp-block-essential-blocks-text  root-eb-text-xu0b9\"><div class=\"eb-parent-wrapper eb-parent-eb-text-xu0b9\"><div class=\"eb-text-wrapper eb-text-xu0b9\" data-id=\"eb-text-xu0b9\"><h4 class=\"eb-text\">Facts about Lumessentials 30 ml aluminum tube<\/h4><\/div><\/div><\/div>\n\n\n\n<figure class=\"wp-block-image aligncenter size-full is-resized\"><img decoding=\"async\" src=\"https:\/\/lumessentials.skin\/wp-content\/uploads\/2026\/03\/Union.svg\" alt=\"\" class=\"wp-image-4609\" style=\"aspect-ratio:0.4558801795057241;width:134px;height:auto\"\/><\/figure>\n<\/div>\n<\/div><\/div>\n\n\n\n<div class=\"wp-block-uagb-container uagb-block-0c7e2cd4 alignfull uagb-is-root-container\"><div class=\"uagb-container-inner-blocks-wrap\">\n<div class=\"wp-block-uagb-container uagb-block-07bbdf3b\">\n<div class=\"wp-block-essential-blocks-text  root-eb-text-veqef\"><div class=\"eb-parent-wrapper eb-parent-eb-text-veqef\"><div class=\"eb-text-wrapper eb-text-veqef\" data-id=\"eb-text-veqef\"><h4 class=\"eb-text\">Our secondary packaging<\/h4><\/div><\/div><\/div>\n\n\n\n<div class=\"wp-block-essential-blocks-text  root-eb-text-wrzqt\"><div class=\"eb-parent-wrapper eb-parent-eb-text-wrzqt\"><div class=\"eb-text-wrapper eb-text-wrzqt\" data-id=\"eb-text-wrzqt\"><p class=\"eb-text\">Aluminum tubes are delicate and have limited space for the legally required product information. As much as we wanted to eliminate secondary packaging entirely, a protective box was necessary. The paper box and the water-based print on it is 100% recyclable. <br>Don&#8217;t forget to peek inside your box for a little surprise \ud83d\ude09<br><br>All of our shipping and marketing materials are recyclable and compostable. Any additional treatment of these materials is water- or plant-based. This includes our cards, filling material, paper tape, and the shipping box.<\/p><\/div><\/div><\/div>\n<\/div>\n<\/div><\/div>\n\n\n\n<div class=\"wp-block-uagb-container uagb-block-99bbee07 alignfull uagb-is-root-container\"><div class=\"uagb-container-inner-blocks-wrap\">\n<div class=\"wp-block-uagb-container uagb-block-64478aaa\">\n<div class=\"wp-block-essential-blocks-text  root-eb-text-73yu8\"><div class=\"eb-parent-wrapper eb-parent-eb-text-73yu8\"><div class=\"eb-text-wrapper eb-text-73yu8\" data-id=\"eb-text-73yu8\"><h4 class=\"eb-text\">Le fonti<\/h4><\/div><\/div><\/div>\n\n\n\n<ul style=\"color:#10181e\" class=\"wp-block-list has-text-color has-link-color wp-elements-606f123041447982ff9d6b62f1f06ac9\">\n<li>OECD Global Plastics Outlook (2022) &#8211; <a href=\"https:\/\/www.oecd.org\/en\/about\/news\/press-releases\/2022\/02\/plastic-pollution-is-growing-relentlessly-as-waste-management-and-recycling-fall-short.html\">https:\/\/www.oecd.org\/en\/about\/news\/press-releases\/2022\/02\/plastic-pollution-is-growing-relentlessly-as-waste-management-and-recycling-fall-short.html<\/a><\/li>\n\n\n\n<li>Geyer, R., Jambeck, J. R., &amp; Law, K. L. (2017). Production, use, and fate of all plastics ever made <a href=\"https:\/\/www.science.org\/doi\/10.1126\/sciadv.1700782\">https:\/\/www.science.org\/doi\/10.1126\/sciadv.1700782<\/a><\/li>\n\n\n\n<li>Beyond Plastics &amp; The Last Beach Cleanup (2021): The Real Truth About the U.S. Plastics Recycling Rate <a href=\"https:\/\/www.beyondplastics.org\/publications\/us-plastics-recycling-rate\">https:\/\/www.beyondplastics.org\/publications\/us-plastics-recycling-rate<\/a><\/li>\n\n\n\n<li>The New Plastics Economy \u2013 Rethinking the future of plastics (2016, p.21) <a href=\"https:\/\/content.ellenmacarthurfoundation.org\/m\/1775fbba280fa21\/original\/The-New-Plastics-Economy-Rethinking-the-future-of-plastics.pdf\">https:\/\/content.ellenmacarthurfoundation.org\/m\/1775fbba280fa21\/original\/The-New-Plastics-Economy-Rethinking-the-future-of-plastics.pdf<\/a><\/li>\n\n\n\n<li>U.S. Environmental Protection Agency (EPA) \u2013 Plastics: Material-Specific Data <a href=\"https:\/\/www.epa.gov\/facts-and-figures-about-materials-waste-and-recycling\/plastics-material-specific-data\">https:\/\/www.epa.gov\/facts-and-figures-about-materials-waste-and-recycling\/plastics-material-specific-data<\/a><\/li>\n\n\n\n<li>European Environment Agency \u2013 Biodegradable and compostable plastics \u2014 challenges and opportunities <a href=\"https:\/\/www.eea.europa.eu\/en\/analysis\/publications\/biodegradable-and-compostable-plastics-challenges-and-opportunities\">https:\/\/www.eea.europa.eu\/en\/analysis\/publications\/biodegradable-and-compostable-plastics-challenges-and-opportunities<\/a><\/li>\n\n\n\n<li>Plastic recycling in Europe <a href=\"https:\/\/circulareconomy.europa.eu\/platform\/sites\/default\/files\/euric_-_plastic_recycling_fact_sheet.pdf\">https:\/\/circulareconomy.europa.eu\/platform\/sites\/default\/files\/euric_-_plastic_recycling_fact_sheet.pdf<\/a><\/li>\n\n\n\n<li>Aluminum recycling <a href=\"https:\/\/www.aluminum.org\/Recycling\">https:\/\/www.aluminum.org\/Recycling<\/a><\/li>\n\n\n\n<li>International Aluminum Institute (IAI) \u2013 global industry data <a href=\"https:\/\/international-aluminium.org\/resources\/aluminium-recycling-fact-sheet\/\">https:\/\/international-aluminium.org\/resources\/aluminium-recycling-fact-sheet\/<\/a><\/li>\n<\/ul>\n<\/div>\n<\/div><\/div>","protected":false},"excerpt":{"rendered":"","protected":false},"author":1,"featured_media":0,"parent":0,"menu_order":0,"comment_status":"closed","ping_status":"closed","template":"","meta":{"_eb_attr":"","_uag_custom_page_level_css":"","site-sidebar-layout":"default","site-content-layout":"","ast-site-content-layout":"default","site-content-style":"default","site-sidebar-style":"default","ast-global-header-display":"","ast-banner-title-visibility":"","ast-main-header-display":"","ast-hfb-above-header-display":"","ast-hfb-below-header-display":"","ast-hfb-mobile-header-display":"","site-post-title":"disabled","ast-breadcrumbs-content":"","ast-featured-img":"","footer-sml-layout":"","ast-disable-related-posts":"","theme-transparent-header-meta":"","adv-header-id-meta":"","stick-header-meta":"","header-above-stick-meta":"","header-main-stick-meta":"","header-below-stick-meta":"","astra-migrate-meta-layouts":"set","ast-page-background-enabled":"default","ast-page-background-meta":{"desktop":{"background-color":"","background-image":"","background-repeat":"repeat","background-position":"center center","background-size":"auto","background-attachment":"scroll","background-type":"","background-media":"","overlay-type":"","overlay-color":"","overlay-opacity":"","overlay-gradient":""},"tablet":{"background-color":"","background-image":"","background-repeat":"repeat","background-position":"center center","background-size":"auto","background-attachment":"scroll","background-type":"","background-media":"","overlay-type":"","overlay-color":"","overlay-opacity":"","overlay-gradient":""},"mobile":{"background-color":"","background-image":"","background-repeat":"repeat","background-position":"center center","background-size":"auto","background-attachment":"scroll","background-type":"","background-media":"","overlay-type":"","overlay-color":"","overlay-opacity":"","overlay-gradient":""}},"ast-content-background-meta":{"desktop":{"background-color":"var(--ast-global-color-5)","background-image":"","background-repeat":"repeat","background-position":"center center","background-size":"auto","background-attachment":"scroll","background-type":"","background-media":"","overlay-type":"","overlay-color":"","overlay-opacity":"","overlay-gradient":""},"tablet":{"background-color":"var(--ast-global-color-5)","background-image":"","background-repeat":"repeat","background-position":"center center","background-size":"auto","background-attachment":"scroll","background-type":"","background-media":"","overlay-type":"","overlay-color":"","overlay-opacity":"","overlay-gradient":""},"mobile":{"background-color":"var(--ast-global-color-5)","background-image":"","background-repeat":"repeat","background-position":"center center","background-size":"auto","background-attachment":"scroll","background-type":"","background-media":"","overlay-type":"","overlay-color":"","overlay-opacity":"","overlay-gradient":""}},"iawp_total_views":7,"footnotes":""},"class_list":["post-2194","page","type-page","status-publish","hentry"],"aioseo_notices":[],"_hostinger_reach_plugin_has_subscription_block":false,"_hostinger_reach_plugin_is_elementor":false,"uagb_featured_image_src":{"full":false,"thumbnail":false,"medium":false,"medium_large":false,"large":false,"1536x1536":false,"2048x2048":false,"trp-custom-language-flag":false,"woocommerce_thumbnail":false,"woocommerce_single":false,"woocommerce_gallery_thumbnail":false},"uagb_author_info":{"display_name":"Lumessentials","author_link":"https:\/\/lumessentials.skin\/it\/author\/itlumessentials-skin\/"},"uagb_comment_info":0,"uagb_excerpt":null,"_links":{"self":[{"href":"https:\/\/lumessentials.skin\/it\/wp-json\/wp\/v2\/pages\/2194","targetHints":{"allow":["GET"]}}],"collection":[{"href":"https:\/\/lumessentials.skin\/it\/wp-json\/wp\/v2\/pages"}],"about":[{"href":"https:\/\/lumessentials.skin\/it\/wp-json\/wp\/v2\/types\/page"}],"author":[{"embeddable":true,"href":"https:\/\/lumessentials.skin\/it\/wp-json\/wp\/v2\/users\/1"}],"replies":[{"embeddable":true,"href":"https:\/\/lumessentials.skin\/it\/wp-json\/wp\/v2\/comments?post=2194"}],"version-history":[{"count":32,"href":"https:\/\/lumessentials.skin\/it\/wp-json\/wp\/v2\/pages\/2194\/revisions"}],"predecessor-version":[{"id":4645,"href":"https:\/\/lumessentials.skin\/it\/wp-json\/wp\/v2\/pages\/2194\/revisions\/4645"}],"wp:attachment":[{"href":"https:\/\/lumessentials.skin\/it\/wp-json\/wp\/v2\/media?parent=2194"}],"curies":[{"name":"wp","href":"https:\/\/api.w.org\/{rel}","templated":true}]}}