{"id":3168,"date":"2026-02-11T09:37:50","date_gmt":"2026-02-11T08:37:50","guid":{"rendered":"https:\/\/lumessentials.skin\/?page_id=3168"},"modified":"2026-02-27T18:47:37","modified_gmt":"2026-02-27T17:47:37","slug":"sodium-hyaluronate-crosspolymer","status":"publish","type":"page","link":"https:\/\/lumessentials.skin\/it\/ingredients\/sodium-hyaluronate-crosspolymer\/","title":{"rendered":"Sodium Hyaluronate Crosspolymer"},"content":{"rendered":"<div class=\"wp-block-uagb-container uagb-block-5e1cba3e alignfull uagb-is-root-container\"><div class=\"uagb-container-inner-blocks-wrap\">\n        <div class=\"root-eb-breadcrumb-pftla wp-block-essential-blocks-breadcrumbs\">\n            <div class=\"eb-parent-wrapper eb-parent-eb-breadcrumb-pftla\">\n                <div aria-label=\"Breadcrumb\" class=\"eb-breadcrumb-wrapper eb-breadcrumb-pftla\" data-id=\"eb-breadcrumb-pftla\">\n                    \n                    <span class=\"eb-breadcrumb-item current\">Pagina<\/span><\/div>\n                <\/div>\n            <\/div>\n        <\/div><\/div><\/div>\n\n\n\n<div class=\"wp-block-uagb-container uagb-block-cfff7b11 alignfull uagb-is-root-container\"><div class=\"uagb-container-inner-blocks-wrap\">\n<div class=\"wp-block-essential-blocks-text  root-eb-text-b04hm\"><div class=\"eb-parent-wrapper eb-parent-eb-text-b04hm\"><div class=\"eb-text-wrapper eb-text-b04hm\" data-id=\"eb-text-b04hm\"><h1 class=\"eb-text\">Sodium Hyaluronate Crosspolymer<\/h1><\/div><\/div><\/div>\n<\/div><\/div>\n\n\n\n<div class=\"wp-block-uagb-container uagb-block-ecee2d81 alignfull uagb-is-root-container\"><div class=\"uagb-container-inner-blocks-wrap\">\n<div class=\"wp-block-media-text is-stacked-on-mobile\"><figure class=\"wp-block-media-text__media\"><img loading=\"lazy\" decoding=\"async\" width=\"691\" height=\"1024\" src=\"https:\/\/lumessentials.skin\/wp-content\/uploads\/2026\/02\/SH-crosspolymer-1-691x1024.png\" alt=\"\" class=\"wp-image-3566 size-full\" srcset=\"https:\/\/lumessentials.skin\/wp-content\/uploads\/2026\/02\/SH-crosspolymer-1-691x1024.png 691w, https:\/\/lumessentials.skin\/wp-content\/uploads\/2026\/02\/SH-crosspolymer-1-202x300.png 202w, https:\/\/lumessentials.skin\/wp-content\/uploads\/2026\/02\/SH-crosspolymer-1-8x12.png 8w, https:\/\/lumessentials.skin\/wp-content\/uploads\/2026\/02\/SH-crosspolymer-1-600x890.png 600w, https:\/\/lumessentials.skin\/wp-content\/uploads\/2026\/02\/SH-crosspolymer-1.png 725w\" sizes=\"auto, (max-width: 691px) 100vw, 691px\" \/><\/figure><div class=\"wp-block-media-text__content\">\n<p><strong>INCI:<\/strong> SODIUM HYALURONATE CROSSPOLYMER<br><strong>Type:<\/strong> Film-forming humectant, skin conditioning<br><strong>Origin:<\/strong> A modified form of Sodium Hyaluronate where the hyaluronic acid chains are chemically cross-linked to create a larger, three-dimensional network or mesh.<\/p>\n\n\n\n<h4 class=\"wp-block-heading\"><strong>What it does:<\/strong><\/h4>\n\n\n\n<p>This is an advanced, engineered derivative of hyaluronic acid designed for enhanced performance and unique sensory properties. Its primary functions are distinct from standard sodium hyaluronate:<\/p>\n\n\n\n<ol start=\"1\" class=\"wp-block-list\">\n<li><strong>Long-lasting, resilient hydration:<\/strong> The cross-linked polymer forms an elastic, breathable film on the skin&#8217;s surface that is more resistant to being washed or rubbed off. This creates a sustained reservoir of hydration that releases moisture over time.<\/li>\n\n\n\n<li><strong>Immediate plumping:<\/strong> Provides an exceptional, immediate filling effect.<\/li>\n\n\n\n<li><strong>Texture modification:<\/strong> Imparts a unique, silky feel to formulas and can help stabilize emulsions.<\/li>\n<\/ol>\n\n\n\n<h4 class=\"wp-block-heading\"><strong>Why we use it:<\/strong><\/h4>\n\n\n\n<p>We include it as part of our 5-weight hyaluronic acid complex in our daily moisturiser. It is responsible for delivering an immediate smooth, plumped feel and locking in a layer of lasting moisture that complements the work of the other penetrating HA molecules.<\/p>\n\n\n\n<p>The cross-linking creates a much larger molecular structure that remains on the skin&#8217;s surface, acting as a sophisticated &#8220;moisture magnet&#8221; rather than a penetrative hydrator. It provides long-lasting surface hydration and film-forming benefits.<\/p>\n<\/div><\/div>\n<\/div><\/div>\n\n\n\n<div class=\"wp-block-uagb-container uagb-block-735690aa alignfull uagb-is-root-container\"><div class=\"uagb-container-inner-blocks-wrap\">\n<div class=\"wp-block-essential-blocks-text  root-eb-text-falwv\"><div class=\"eb-parent-wrapper eb-parent-eb-text-falwv\"><div class=\"eb-text-wrapper eb-text-falwv\" data-id=\"eb-text-falwv\"><h4 class=\"eb-text\">Hyaluronic Acid (HA) vs. Sodium Hyaluronate (SH)<\/h4><\/div><\/div><\/div>\n\n\n\n<div class=\"wp-block-essential-blocks-text  root-eb-text-85p8y\"><div class=\"eb-parent-wrapper eb-parent-eb-text-85p8y\"><div class=\"eb-text-wrapper eb-text-85p8y\" data-id=\"eb-text-85p8y\"><p class=\"eb-text\"><strong>L'Acido Ialuronico (AI)<\/strong> is the free acid form. In its pure state, it is a large polymer chain that is difficult to dissolve in water and is unstable in solution. It is rarely used &#8220;as-is&#8221; in cosmetic formulas.<br><br><strong>Lo Ialuronato di Sodio (IS)<\/strong> \u00e8 il sale sodico dell'acido ialuronico. Questa \u00e8 la forma stabilizzata e utilizzabile commercialmente. L'aggiunta di sodio lo rende altamente idrosolubile, stabile e capace di penetrare nella pelle in modo pi\u00f9 efficace.<br><br>Pensala cos\u00ec: l'Acido Ialuronico \u00e8 la <em>materia prima<\/em>, mentre lo Ialuronato di Sodio \u00e8 l'ingrediente <em>raffinato<\/em>, stabile e funzionale che si trova nei prodotti per la cura della pelle.<br><br>Nel marketing, i termini AI e IS sono usati come sinonimi perch\u00e9 lo IS <em>non \u00e8 altro che<\/em> AI nel suo stato pi\u00f9 utilizzabile.<\/p><\/div><\/div><\/div>\n\n\n\n<div class=\"wp-block-essential-blocks-text  root-eb-text-mey40\"><div class=\"eb-parent-wrapper eb-parent-eb-text-mey40\"><div class=\"eb-text-wrapper eb-text-mey40\" data-id=\"eb-text-mey40\"><h4 class=\"eb-text\">Confronto pratico<\/h4><\/div><\/div><\/div>\n\n\n\n<figure class=\"wp-block-table\"><table class=\"has-fixed-layout\"><tbody><tr><td>Aspetto pratico<\/td><td><strong>L'Acido Ialuronico (AI)<\/strong><\/td><td><strong>Lo Ialuronato di Sodio (IS)<\/strong><\/td><\/tr><tr><td>Forma chimica<\/td><td>Acido libero<\/td><td>Sale sodico dell'AI<\/td><\/tr><tr><td>Stabilit\u00e0 nella formula<\/td><td>Bassa, si degrada pi\u00f9 velocemente<\/td><td>Alta, lo standard per formulazioni stabili<\/td><\/tr><tr><td>Solubilit\u00e0<\/td><td>Scarsa, forma grumi viscosi<\/td><td>Eccellente, si scioglie facilmente in acqua<\/td><\/tr><tr><td>Dimensione molecolare<\/td><td>Pu\u00f2 essere molto grande<\/td><td>Pu\u00f2 essere molto bassa grazie alla lavorazione, favorendo la penetrazione<\/td><\/tr><tr><td>Sensazione sulla pelle<\/td><td>Pu\u00f2 risultare appiccicoso o gelatinoso<\/td><td>Leggero, meno appiccicoso, resa estetica migliore<\/td><\/tr><tr><td>Uso principale nei cosmetici<\/td><td>Raramente usato direttamente<\/td><td>La forma quasi universale usata nello skincare<\/td><\/tr><\/tbody><\/table><\/figure>\n<\/div><\/div>","protected":false},"excerpt":{"rendered":"<p>INCI: SODIUM HYALURONATE CROSSPOLYMERType: Film-forming humectant, skin conditioningOrigin: A modified form of Sodium Hyaluronate where the hyaluronic acid chains are [&hellip;]<\/p>\n","protected":false},"author":1,"featured_media":0,"parent":2133,"menu_order":0,"comment_status":"closed","ping_status":"closed","template":"","meta":{"_eb_attr":"","_uag_custom_page_level_css":"","site-sidebar-layout":"default","site-content-layout":"","ast-site-content-layout":"default","site-content-style":"default","site-sidebar-style":"default","ast-global-header-display":"","ast-banner-title-visibility":"","ast-main-header-display":"","ast-hfb-above-header-display":"","ast-hfb-below-header-display":"","ast-hfb-mobile-header-display":"","site-post-title":"disabled","ast-breadcrumbs-content":"","ast-featured-img":"disabled","footer-sml-layout":"","ast-disable-related-posts":"","theme-transparent-header-meta":"","adv-header-id-meta":"","stick-header-meta":"","header-above-stick-meta":"","header-main-stick-meta":"","header-below-stick-meta":"","astra-migrate-meta-layouts":"set","ast-page-background-enabled":"default","ast-page-background-meta":{"desktop":{"background-color":"","background-image":"","background-repeat":"repeat","background-position":"center center","background-size":"auto","background-attachment":"scroll","background-type":"","background-media":"","overlay-type":"","overlay-color":"","overlay-opacity":"","overlay-gradient":""},"tablet":{"background-color":"","background-image":"","background-repeat":"repeat","background-position":"center center","background-size":"auto","background-attachment":"scroll","background-type":"","background-media":"","overlay-type":"","overlay-color":"","overlay-opacity":"","overlay-gradient":""},"mobile":{"background-color":"","background-image":"","background-repeat":"repeat","background-position":"center center","background-size":"auto","background-attachment":"scroll","background-type":"","background-media":"","overlay-type":"","overlay-color":"","overlay-opacity":"","overlay-gradient":""}},"ast-content-background-meta":{"desktop":{"background-color":"var(--ast-global-color-5)","background-image":"","background-repeat":"repeat","background-position":"center center","background-size":"auto","background-attachment":"scroll","background-type":"","background-media":"","overlay-type":"","overlay-color":"","overlay-opacity":"","overlay-gradient":""},"tablet":{"background-color":"var(--ast-global-color-5)","background-image":"","background-repeat":"repeat","background-position":"center center","background-size":"auto","background-attachment":"scroll","background-type":"","background-media":"","overlay-type":"","overlay-color":"","overlay-opacity":"","overlay-gradient":""},"mobile":{"background-color":"var(--ast-global-color-5)","background-image":"","background-repeat":"repeat","background-position":"center center","background-size":"auto","background-attachment":"scroll","background-type":"","background-media":"","overlay-type":"","overlay-color":"","overlay-opacity":"","overlay-gradient":""}},"iawp_total_views":0,"footnotes":""},"class_list":["post-3168","page","type-page","status-publish","hentry"],"aioseo_notices":[],"_hostinger_reach_plugin_has_subscription_block":false,"_hostinger_reach_plugin_is_elementor":false,"uagb_featured_image_src":{"full":false,"thumbnail":false,"medium":false,"medium_large":false,"large":false,"1536x1536":false,"2048x2048":false,"trp-custom-language-flag":false,"woocommerce_thumbnail":false,"woocommerce_single":false,"woocommerce_gallery_thumbnail":false},"uagb_author_info":{"display_name":"Lumessentials","author_link":"https:\/\/lumessentials.skin\/it\/author\/itlumessentials-skin\/"},"uagb_comment_info":0,"uagb_excerpt":"INCI: SODIUM HYALURONATE CROSSPOLYMERType: Film-forming humectant, skin conditioningOrigin: A modified form of Sodium Hyaluronate where the hyaluronic acid chains are [&hellip;]","_links":{"self":[{"href":"https:\/\/lumessentials.skin\/it\/wp-json\/wp\/v2\/pages\/3168","targetHints":{"allow":["GET"]}}],"collection":[{"href":"https:\/\/lumessentials.skin\/it\/wp-json\/wp\/v2\/pages"}],"about":[{"href":"https:\/\/lumessentials.skin\/it\/wp-json\/wp\/v2\/types\/page"}],"author":[{"embeddable":true,"href":"https:\/\/lumessentials.skin\/it\/wp-json\/wp\/v2\/users\/1"}],"replies":[{"embeddable":true,"href":"https:\/\/lumessentials.skin\/it\/wp-json\/wp\/v2\/comments?post=3168"}],"version-history":[{"count":5,"href":"https:\/\/lumessentials.skin\/it\/wp-json\/wp\/v2\/pages\/3168\/revisions"}],"predecessor-version":[{"id":4355,"href":"https:\/\/lumessentials.skin\/it\/wp-json\/wp\/v2\/pages\/3168\/revisions\/4355"}],"up":[{"embeddable":true,"href":"https:\/\/lumessentials.skin\/it\/wp-json\/wp\/v2\/pages\/2133"}],"wp:attachment":[{"href":"https:\/\/lumessentials.skin\/it\/wp-json\/wp\/v2\/media?parent=3168"}],"curies":[{"name":"wp","href":"https:\/\/api.w.org\/{rel}","templated":true}]}}