{"id":4035,"date":"2026-02-25T11:05:31","date_gmt":"2026-02-25T10:05:31","guid":{"rendered":"https:\/\/lumessentials.skin\/?page_id=4035"},"modified":"2026-03-15T15:35:39","modified_gmt":"2026-03-15T14:35:39","slug":"our-values","status":"publish","type":"page","link":"https:\/\/lumessentials.skin\/it\/our-values\/","title":{"rendered":"I nostri valori"},"content":{"rendered":"<div class=\"wp-block-uagb-container uagb-block-b4b14b47 alignfull uagb-is-root-container\"><div class=\"uagb-container-inner-blocks-wrap\">\n<div class=\"wp-block-essential-blocks-text  root-eb-text-egb2k\"><div class=\"eb-parent-wrapper eb-parent-eb-text-egb2k\"><div class=\"eb-text-wrapper eb-text-egb2k\" data-id=\"eb-text-egb2k\"><h1 class=\"eb-text\">I nostri valori<\/h1><\/div><\/div><\/div>\n\n\n\n<div class=\"wp-block-uagb-container uagb-block-57778122 alignfull uagb-is-root-container\"><div class=\"uagb-container-inner-blocks-wrap\">\n<div class=\"wp-block-uagb-container uagb-block-c45a42bd\">\n<div class=\"wp-block-essential-blocks-text  root-eb-text-q7se8\"><div class=\"eb-parent-wrapper eb-parent-eb-text-q7se8\"><div class=\"eb-text-wrapper eb-text-q7se8\" data-id=\"eb-text-q7se8\"><p class=\"eb-text\">Per avere una pelle sana non servono decine di prodotti sulla mensola del bagno. Serve una routine di base fondata su verit\u00e0 dermatologiche: detersione, idratazione e protezione solare.<br><br>L'ingrediente attivo pi\u00f9 potente nella cura della pelle non \u00e8 una molecola miracolosa: \u00e8\u00a0<strong>l'idratazione<\/strong>. Una barriera cutanea ben idratata \u00e8 intrinsecamente resiliente, calma e meglio attrezzata per proteggersi. Molti dei problemi comuni che le persone cercano di risolvere con una dozzina di sieri migliorano drasticamente quando la funzione della barriera cutanea viene ripristinata e mantenuta.<br><br>Questa semplice verit\u00e0, tuttavia, non aiuta a vendere routine infinite n\u00e9 a giustificare i prezzi indecenti per ingredienti di tendenza. L'industria ha tutto l'interesse a convincerti che solo soluzioni hype dai nomi misteriosi possano risolvere i tuoi problemi cutanei. Tutto ci\u00f2 mette in ombra la comprovata efficacia di principi attivi solidi e scientificamente testati che esistono ormai da decenni.<br><br>Noi di Lumessentials <strong>diamo priorit\u00e0<\/strong>\u00a0<strong>alla biologia, non alle parole alla moda<\/strong>. Il nostro sistema di tre prodotti essenziali \u2013 un detergente delicato, una crema idratante da giorno ricca di antiossidanti e una crema riparatrice da notte \u2013 \u00e8 progettato per soddisfare i bisogni universali e non negoziabili della pelle. Questo \u00e8 il nostro minimalismo funzionale: un regime completo per la salute della barriera cutanea. Basta aggiungere il tuo SPF preferito.<\/p><\/div><\/div><\/div>\n<\/div>\n<\/div><\/div>\n\n\n\n<div class=\"wp-block-uagb-container uagb-block-8dca5f99 alignfull uagb-is-root-container\"><div class=\"uagb-container-inner-blocks-wrap\">\n<div class=\"wp-block-uagb-container uagb-block-6d493a11\">\n<div class=\"wp-block-essential-blocks-text  root-eb-text-2l6fr\"><div class=\"eb-parent-wrapper eb-parent-eb-text-2l6fr\"><div class=\"eb-text-wrapper eb-text-2l6fr\" data-id=\"eb-text-2l6fr\"><h4 class=\"eb-text\">Le rughe sono la prova di una vita vissuta<\/h4><\/div><\/div><\/div>\n\n\n\n<div class=\"wp-block-essential-blocks-text  root-eb-text-ilczi\"><div class=\"eb-parent-wrapper eb-parent-eb-text-ilczi\"><div class=\"eb-text-wrapper eb-text-ilczi\" data-id=\"eb-text-ilczi\"><p class=\"eb-text\">Invecchiamento non \u00e8 un problema da risolvere. Le rughe non sono un difetto. Sono la mappa letterale di una vita vissuta. La nonna della nostra fondatrice diceva sempre: \u201cL\u2019unico modo di non le avere rughe \u00e8 morire da giovani\u201d. Le nonne hanno sempre ragione. Torniamo a sorridere. Rendiamo i segni del tempo una cosa normale. Torniamo ad amare l'aspetto di un essere umano a qualsiasi et\u00e0. Ci siamo scocciate degli standard di bellezza che prima ci indottrinano a odiare i segni del tempo, e poi guadagnano miliardi vendendoci roba che \u201cdovrebbe eliminarli\u201d. Basta con queste scemenze!<\/p><\/div><\/div><\/div>\n<\/div>\n\n\n\n<div class=\"wp-block-uagb-container uagb-block-0d8fe354\">\n<div class=\"wp-block-essential-blocks-text  root-eb-text-noqim\"><div class=\"eb-parent-wrapper eb-parent-eb-text-noqim\"><div class=\"eb-text-wrapper eb-text-noqim\" data-id=\"eb-text-noqim\"><h4 class=\"eb-text\">La sostenibilit\u00e0 vera va supportata dalla morale<\/h4><\/div><\/div><\/div>\n\n\n\n<div class=\"wp-block-essential-blocks-text  root-eb-text-qhtac\"><div class=\"eb-parent-wrapper eb-parent-eb-text-qhtac\"><div class=\"eb-text-wrapper eb-text-qhtac\" data-id=\"eb-text-qhtac\"><p class=\"eb-text\">Si definiscono sostenibili mentre pagano Meta per la pubblicit\u00e0? Comprono materie prime dalle terre sotto occupazione? Magari sono anche segretamente di propriet\u00e0 degli stessi colossi che stanno distruggendo il pianeta? Non \u00e8 proprio sostenibile, vero? Nessuno si chiede quanta acqua abbia sprecato la loro campagna Instagram generata dall'IA. Noi ce lo stiamo chiedendo. E non ci beviamo le loro scemenze.<br><br><\/p><\/div><\/div><\/div>\n<\/div>\n<\/div><\/div>\n\n\n\n<div class=\"wp-block-uagb-container uagb-layout-flex uagb-block-8bd311cd alignfull uagb-is-root-container\"><div class=\"uagb-container-inner-blocks-wrap\">\n<div class=\"wp-block-uagb-container uagb-block-76855841\">\n<div class=\"wp-block-essential-blocks-text  root-eb-text-8l8z4\"><div class=\"eb-parent-wrapper eb-parent-eb-text-8l8z4\"><div class=\"eb-text-wrapper eb-text-8l8z4\" data-id=\"eb-text-8l8z4\"><h4 class=\"eb-text\">L'idratazione batte i miracoli<\/h4><\/div><\/div><\/div>\n\n\n\n<div class=\"wp-block-essential-blocks-text  root-eb-text-6urav\"><div class=\"eb-parent-wrapper eb-parent-eb-text-6urav\"><div class=\"eb-text-wrapper eb-text-6urav\" data-id=\"eb-text-6urav\"><p class=\"eb-text\">La skincare non ferma le rughe. Otto ore di sonno s\u00ec. Cos\u00ec come il cibo sano, lo sport, meno stress e la crema solare. Il compito della skincare \u00e8 pi\u00f9 semplice: mantenere la pelle idratata, la barriera cutanea intatta e abbastanza resiliente da sopportare qualsiasi cosa la giornata le riservi. Noi facciamo questo. Niente di pi\u00f9. Niente di meno.<\/p><\/div><\/div><\/div>\n<\/div>\n\n\n\n<div class=\"wp-block-uagb-container uagb-block-faa597be\">\n<div class=\"wp-block-essential-blocks-text  root-eb-text-zeny8\"><div class=\"eb-parent-wrapper eb-parent-eb-text-zeny8\"><div class=\"eb-text-wrapper eb-text-zeny8\" data-id=\"eb-text-zeny8\"><h4 class=\"eb-text\">\"Premium\" \u00e8 una truffa<\/h4><\/div><\/div><\/div>\n\n\n\n<div class=\"wp-block-essential-blocks-text  root-eb-text-uleg6\"><div class=\"eb-parent-wrapper eb-parent-eb-text-uleg6\"><div class=\"eb-text-wrapper eb-text-uleg6\" data-id=\"eb-text-uleg6\"><p class=\"eb-text\">Chi ha deciso che le esigenze della pelle debbano essere \"premium\" o \"esclusive\"? L'idratazione non \u00e8 un lusso. Il supporto della barriera cutanea non \u00e8 un'esclusiva. Mettere \"sangue di unicorno\" su una bottiglia per giustificare 100\u20ac e l'hype di TikTok? Abbiamo chiuso con queste scemenze. La tua pelle non ha bisogno di favole. Ha bisogno delle basi, fatte bene.<br><br><\/p><\/div><\/div><\/div>\n<\/div>\n<\/div><\/div>\n<\/div><\/div>","protected":false},"excerpt":{"rendered":"","protected":false},"author":1,"featured_media":0,"parent":0,"menu_order":0,"comment_status":"closed","ping_status":"closed","template":"","meta":{"_eb_attr":"","_uag_custom_page_level_css":"","site-sidebar-layout":"no-sidebar","site-content-layout":"page-builder","ast-site-content-layout":"full-width-container","site-content-style":"unboxed","site-sidebar-style":"unboxed","ast-global-header-display":"","ast-banner-title-visibility":"","ast-main-header-display":"","ast-hfb-above-header-display":"","ast-hfb-below-header-display":"","ast-hfb-mobile-header-display":"","site-post-title":"disabled","ast-breadcrumbs-content":"","ast-featured-img":"","footer-sml-layout":"","ast-disable-related-posts":"","theme-transparent-header-meta":"","adv-header-id-meta":"","stick-header-meta":"","header-above-stick-meta":"","header-main-stick-meta":"","header-below-stick-meta":"","astra-migrate-meta-layouts":"set","ast-page-background-enabled":"default","ast-page-background-meta":{"desktop":{"background-color":"","background-image":"","background-repeat":"repeat","background-position":"center center","background-size":"auto","background-attachment":"scroll","background-type":"","background-media":"","overlay-type":"","overlay-color":"","overlay-opacity":"","overlay-gradient":""},"tablet":{"background-color":"","background-image":"","background-repeat":"repeat","background-position":"center center","background-size":"auto","background-attachment":"scroll","background-type":"","background-media":"","overlay-type":"","overlay-color":"","overlay-opacity":"","overlay-gradient":""},"mobile":{"background-color":"","background-image":"","background-repeat":"repeat","background-position":"center center","background-size":"auto","background-attachment":"scroll","background-type":"","background-media":"","overlay-type":"","overlay-color":"","overlay-opacity":"","overlay-gradient":""}},"ast-content-background-meta":{"desktop":{"background-color":"var(--ast-global-color-5)","background-image":"","background-repeat":"repeat","background-position":"center center","background-size":"auto","background-attachment":"scroll","background-type":"","background-media":"","overlay-type":"","overlay-color":"","overlay-opacity":"","overlay-gradient":""},"tablet":{"background-color":"var(--ast-global-color-5)","background-image":"","background-repeat":"repeat","background-position":"center center","background-size":"auto","background-attachment":"scroll","background-type":"","background-media":"","overlay-type":"","overlay-color":"","overlay-opacity":"","overlay-gradient":""},"mobile":{"background-color":"var(--ast-global-color-5)","background-image":"","background-repeat":"repeat","background-position":"center center","background-size":"auto","background-attachment":"scroll","background-type":"","background-media":"","overlay-type":"","overlay-color":"","overlay-opacity":"","overlay-gradient":""}},"iawp_total_views":10,"footnotes":""},"class_list":["post-4035","page","type-page","status-publish","hentry"],"aioseo_notices":[],"_hostinger_reach_plugin_has_subscription_block":false,"_hostinger_reach_plugin_is_elementor":false,"uagb_featured_image_src":{"full":false,"thumbnail":false,"medium":false,"medium_large":false,"large":false,"1536x1536":false,"2048x2048":false,"trp-custom-language-flag":false,"woocommerce_thumbnail":false,"woocommerce_single":false,"woocommerce_gallery_thumbnail":false},"uagb_author_info":{"display_name":"Lumessentials","author_link":"https:\/\/lumessentials.skin\/it\/author\/itlumessentials-skin\/"},"uagb_comment_info":0,"uagb_excerpt":null,"_links":{"self":[{"href":"https:\/\/lumessentials.skin\/it\/wp-json\/wp\/v2\/pages\/4035","targetHints":{"allow":["GET"]}}],"collection":[{"href":"https:\/\/lumessentials.skin\/it\/wp-json\/wp\/v2\/pages"}],"about":[{"href":"https:\/\/lumessentials.skin\/it\/wp-json\/wp\/v2\/types\/page"}],"author":[{"embeddable":true,"href":"https:\/\/lumessentials.skin\/it\/wp-json\/wp\/v2\/users\/1"}],"replies":[{"embeddable":true,"href":"https:\/\/lumessentials.skin\/it\/wp-json\/wp\/v2\/comments?post=4035"}],"version-history":[{"count":31,"href":"https:\/\/lumessentials.skin\/it\/wp-json\/wp\/v2\/pages\/4035\/revisions"}],"predecessor-version":[{"id":4655,"href":"https:\/\/lumessentials.skin\/it\/wp-json\/wp\/v2\/pages\/4035\/revisions\/4655"}],"wp:attachment":[{"href":"https:\/\/lumessentials.skin\/it\/wp-json\/wp\/v2\/media?parent=4035"}],"curies":[{"name":"wp","href":"https:\/\/api.w.org\/{rel}","templated":true}]}}